{"id":24433,"date":"2024-03-03T02:13:19","date_gmt":"2024-03-03T02:13:19","guid":{"rendered":"https:\/\/nuansholding.com\/haberler\/"},"modified":"2025-07-25T23:02:38","modified_gmt":"2025-07-25T23:02:38","slug":"news","status":"publish","type":"page","link":"https:\/\/nuansholding.com\/en\/news\/","title":{"rendered":"News"},"content":{"rendered":"\t\t<div data-elementor-type=\"wp-page\" data-elementor-id=\"24433\" class=\"elementor elementor-24433 elementor-286\">\n\t\t\t\t        <section class=\"elementor-section elementor-top-section elementor-element elementor-element-a78b72d elementor-section-boxed elementor-section-height-default elementor-section-height-default pxl-row-scroll-none pxl-zoom-point-false pxl-section-overflow-visible pxl-section-fix-none pxl-bg-color-none pxl-section-overlay-none\" data-id=\"a78b72d\" data-element_type=\"section\">\n\n                \n                <div class=\"elementor-container elementor-column-gap-extended \">\n                <div class=\"elementor-column elementor-col-100 elementor-top-column elementor-element elementor-element-d9988a8 pxl-column-none pxl-column-overflow-hidden-no\" data-id=\"d9988a8\" data-element_type=\"column\">\r\n        <div class=\"elementor-widget-wrap elementor-element-populated\">\r\n                     \r\n        \t\t<div class=\"elementor-element elementor-element-31b7d89 elementor-widget__width-auto elementor-widget elementor-widget-pxl_heading\" data-id=\"31b7d89\" data-element_type=\"widget\" data-widget_type=\"pxl_heading.default\">\n\t\t\t\t<div class=\"elementor-widget-container\">\n\t\t\t\t\t\n<div id=\"pxl-pxl_heading-31b7d89-7908\" class=\"pxl-heading  pxl-subtitle-box-3\" >\n\t<div class=\"pxl-heading--container\" >\n\t\t<div class=\"pxl-heading--inner\">\n\t\t\t\t\t\t\t<div class=\"pxl-item--subtitle \" data-wow-delay=\"ms\">\n\t\t\t\t\t<span class=\"pxl-item--subtext \">\n\t\t\t\t\t\tnews\t\t\t\t\t<\/span>\n\t\t\t\t<\/div>\n\t\t\t\t\t\t\t\t\t<h2 class=\"pxl-item--title pxl-heading-default  \" data-wow-delay=\"ms\">\n\t\t\t\tAbout us              <span class=\"pxl-title--highlight\">\n                News and Announcements            <\/span>\n        \t\t\t\t\t\n\t\t\t\t\t\t\t<\/h2>\n\t\t<\/div>\n\t\t\n\t<\/div>\n<\/div>\n\t\t\t\t<\/div>\n\t\t\t\t<\/div>\n\t\t\t\t<div class=\"elementor-element elementor-element-79a6302 elementor-widget__width-initial pxl-post-layout-post-1 elementor-widget elementor-widget-pxl_post_grid\" data-id=\"79a6302\" data-element_type=\"widget\" data-widget_type=\"pxl_post_grid.default\">\n\t\t\t\t<div class=\"elementor-widget-container\">\n\t\t\t\t\t\n<div id=\"pxl_post_grid-79a6302-8849\" class=\"pxl-grid pxl-blog-grid pxl-blog-grid-layout1 style-2\" data-start-page=\"1\" data-max-pages=\"1\" data-total=\"7\" data-perpage=\"20\" data-next-link=\"\">\n        <div class=\"pxl-grid-inner pxl-grid-masonry row\" data-gutter=\"15\">\n                    <div class=\"pxl-grid-item col-xl-6 col-lg-6 col-md-12 col-sm-12 col-12 blog-en\">\n                <div class=\"pxl-post--inner \" data-wow-duration=\"1.2s\">\n                    \n                    <div class=\"pxl-post-holder\">\n                        <div class=\"pxl-post-info\">\n                            <div class=\"pxl-post--meta\">\n                                                                    <div class=\"pxl-post--date pxl-p3\">\n                                        April 14, 2025                                    <\/div>\n                                                                                            <\/div>\n                            <h4 class=\"pxl-post--title pxl-hover-line\">\n                                <a class=\"\" href=\"https:\/\/nuansholding.com\/en\/nuans-global-koluman-dorse-teslimat-toreni\/\">Nuans Global | Koluman Dorse Teslimat T\u00f6reni<\/a>\n                            <\/h4>\n                                                            <div class=\"pxl-post--excerpt pxl-p2 pxl-two-line\">\n                                                                    <\/div>\n                                                    <\/div>\n\n                                                    <div class=\"pxl-post-btn--wrap\">\n                                <a class=\"btn btn-round pxl-post--btn btn-hover-style-2\" href=\"https:\/\/nuansholding.com\/en\/nuans-global-koluman-dorse-teslimat-toreni\/\">\n                                    <span class=\"pxl-btn--text\">Devam\u0131n\u0131 oku<\/span>\n                                    <i class=\"flaticon flaticon-plus-normal\"><\/i>\n                                <\/a>\n                            <\/div>\n                                            <\/div>\n                <\/div>\n            <\/div>\n                    <div class=\"pxl-grid-item col-xl-6 col-lg-6 col-md-12 col-sm-12 col-12 blog-en\">\n                <div class=\"pxl-post--inner \" data-wow-duration=\"1.2s\">\n                    \n                    <div class=\"pxl-post-holder\">\n                        <div class=\"pxl-post-info\">\n                            <div class=\"pxl-post--meta\">\n                                                                    <div class=\"pxl-post--date pxl-p3\">\n                                        August 8, 2024                                    <\/div>\n                                                                                            <\/div>\n                            <h4 class=\"pxl-post--title pxl-hover-line\">\n                                <a class=\"\" href=\"https:\/\/nuansholding.com\/en\/nuans-global-filosu-5-tirsan-tenteli-treylerle-buyudu\/\">N\u00fcans Global Filosu 5 T\u0131rsan Tenteli Treylerle B\u00fcy\u00fcd\u00fc<\/a>\n                            <\/h4>\n                                                            <div class=\"pxl-post--excerpt pxl-p2 pxl-two-line\">\n                                                                    <\/div>\n                                                    <\/div>\n\n                                                    <div class=\"pxl-post-btn--wrap\">\n                                <a class=\"btn btn-round pxl-post--btn btn-hover-style-2\" href=\"https:\/\/nuansholding.com\/en\/nuans-global-filosu-5-tirsan-tenteli-treylerle-buyudu\/\">\n                                    <span class=\"pxl-btn--text\">Devam\u0131n\u0131 oku<\/span>\n                                    <i class=\"flaticon flaticon-plus-normal\"><\/i>\n                                <\/a>\n                            <\/div>\n                                            <\/div>\n                <\/div>\n            <\/div>\n                    <div class=\"pxl-grid-item col-xl-6 col-lg-6 col-md-12 col-sm-12 col-12 blog-en\">\n                <div class=\"pxl-post--inner \" data-wow-duration=\"1.2s\">\n                    \n                    <div class=\"pxl-post-holder\">\n                        <div class=\"pxl-post-info\">\n                            <div class=\"pxl-post--meta\">\n                                                                    <div class=\"pxl-post--date pxl-p3\">\n                                        May 21, 2024                                    <\/div>\n                                                                                            <\/div>\n                            <h4 class=\"pxl-post--title pxl-hover-line\">\n                                <a class=\"\" href=\"https:\/\/nuansholding.com\/en\/nuans-global-yeni-arac-yatirimlariyla-buyuyor\/\">N\u00fcans Global Yeni Ara\u00e7 Yat\u0131r\u0131mlar\u0131yla B\u00fcy\u00fcyor!<\/a>\n                            <\/h4>\n                                                            <div class=\"pxl-post--excerpt pxl-p2 pxl-two-line\">\n                                                                    <\/div>\n                                                    <\/div>\n\n                                                    <div class=\"pxl-post-btn--wrap\">\n                                <a class=\"btn btn-round pxl-post--btn btn-hover-style-2\" href=\"https:\/\/nuansholding.com\/en\/nuans-global-yeni-arac-yatirimlariyla-buyuyor\/\">\n                                    <span class=\"pxl-btn--text\">Devam\u0131n\u0131 oku<\/span>\n                                    <i class=\"flaticon flaticon-plus-normal\"><\/i>\n                                <\/a>\n                            <\/div>\n                                            <\/div>\n                <\/div>\n            <\/div>\n                    <div class=\"pxl-grid-item col-xl-6 col-lg-6 col-md-12 col-sm-12 col-12 blog-en haberler-en\">\n                <div class=\"pxl-post--inner \" data-wow-duration=\"1.2s\">\n                    \n                    <div class=\"pxl-post-holder\">\n                        <div class=\"pxl-post-info\">\n                            <div class=\"pxl-post--meta\">\n                                                                    <div class=\"pxl-post--date pxl-p3\">\n                                        January 29, 2024                                    <\/div>\n                                                                                            <\/div>\n                            <h4 class=\"pxl-post--title pxl-hover-line\">\n                                <a class=\"\" href=\"https:\/\/nuansholding.com\/en\/nuans-logistics-daf-ile-filosunu-guclendirdi\/\">N\u00fcans Logistics DAF ile filosunu g\u00fc\u00e7lendirdi<\/a>\n                            <\/h4>\n                                                            <div class=\"pxl-post--excerpt pxl-p2 pxl-two-line\">\n                                                                    <\/div>\n                                                    <\/div>\n\n                                                    <div class=\"pxl-post-btn--wrap\">\n                                <a class=\"btn btn-round pxl-post--btn btn-hover-style-2\" href=\"https:\/\/nuansholding.com\/en\/nuans-logistics-daf-ile-filosunu-guclendirdi\/\">\n                                    <span class=\"pxl-btn--text\">Devam\u0131n\u0131 oku<\/span>\n                                    <i class=\"flaticon flaticon-plus-normal\"><\/i>\n                                <\/a>\n                            <\/div>\n                                            <\/div>\n                <\/div>\n            <\/div>\n                    <div class=\"pxl-grid-item col-xl-6 col-lg-6 col-md-12 col-sm-12 col-12 haberler-en\">\n                <div class=\"pxl-post--inner \" data-wow-duration=\"1.2s\">\n                    \n                    <div class=\"pxl-post-holder\">\n                        <div class=\"pxl-post-info\">\n                            <div class=\"pxl-post--meta\">\n                                                                    <div class=\"pxl-post--date pxl-p3\">\n                                        August 8, 2022                                    <\/div>\n                                                                                            <\/div>\n                            <h4 class=\"pxl-post--title pxl-hover-line\">\n                                <a class=\"\" href=\"https:\/\/nuansholding.com\/en\/duzce-postasi-nuans-logistics-haberi\/\">D\u00fczce Postas\u0131 N\u00fcans Logistics Haberi<\/a>\n                            <\/h4>\n                                                            <div class=\"pxl-post--excerpt pxl-p2 pxl-two-line\">\n                                                                    <\/div>\n                                                    <\/div>\n\n                                                    <div class=\"pxl-post-btn--wrap\">\n                                <a class=\"btn btn-round pxl-post--btn btn-hover-style-2\" href=\"https:\/\/nuansholding.com\/en\/duzce-postasi-nuans-logistics-haberi\/\">\n                                    <span class=\"pxl-btn--text\">Devam\u0131n\u0131 oku<\/span>\n                                    <i class=\"flaticon flaticon-plus-normal\"><\/i>\n                                <\/a>\n                            <\/div>\n                                            <\/div>\n                <\/div>\n            <\/div>\n                    <div class=\"pxl-grid-item col-xl-6 col-lg-6 col-md-12 col-sm-12 col-12 haberler-en\">\n                <div class=\"pxl-post--inner \" data-wow-duration=\"1.2s\">\n                    \n                    <div class=\"pxl-post-holder\">\n                        <div class=\"pxl-post-info\">\n                            <div class=\"pxl-post--meta\">\n                                                                    <div class=\"pxl-post--date pxl-p3\">\n                                        August 8, 2022                                    <\/div>\n                                                                                            <\/div>\n                            <h4 class=\"pxl-post--title pxl-hover-line\">\n                                <a class=\"\" href=\"https:\/\/nuansholding.com\/en\/nuans-logistics-arac-filosunu-genisletmeye-devam-ediyor-2\/\">N\u00fcans Logistics Ara\u00e7 Filosunu Geni\u015fletmeye Devam Ediyor<\/a>\n                            <\/h4>\n                                                            <div class=\"pxl-post--excerpt pxl-p2 pxl-two-line\">\n                                                                    <\/div>\n                                                    <\/div>\n\n                                                    <div class=\"pxl-post-btn--wrap\">\n                                <a class=\"btn btn-round pxl-post--btn btn-hover-style-2\" href=\"https:\/\/nuansholding.com\/en\/nuans-logistics-arac-filosunu-genisletmeye-devam-ediyor-2\/\">\n                                    <span class=\"pxl-btn--text\">Devam\u0131n\u0131 oku<\/span>\n                                    <i class=\"flaticon flaticon-plus-normal\"><\/i>\n                                <\/a>\n                            <\/div>\n                                            <\/div>\n                <\/div>\n            <\/div>\n                    <div class=\"pxl-grid-item col-xl-6 col-lg-6 col-md-12 col-sm-12 col-12 haberler-en\">\n                <div class=\"pxl-post--inner \" data-wow-duration=\"1.2s\">\n                    \n                    <div class=\"pxl-post-holder\">\n                        <div class=\"pxl-post-info\">\n                            <div class=\"pxl-post--meta\">\n                                                                    <div class=\"pxl-post--date pxl-p3\">\n                                        June 23, 2022                                    <\/div>\n                                                                                            <\/div>\n                            <h4 class=\"pxl-post--title pxl-hover-line\">\n                                <a class=\"\" href=\"https:\/\/nuansholding.com\/en\/nuans-logistics-arac-filosunu-genisletmeye-devam-ediyor\/\">N\u00fcans Logistics ara\u00e7 filosunu geni\u015fletmeye devam ediyor<\/a>\n                            <\/h4>\n                                                            <div class=\"pxl-post--excerpt pxl-p2 pxl-two-line\">\n                                                                    <\/div>\n                                                    <\/div>\n\n                                                    <div class=\"pxl-post-btn--wrap\">\n                                <a class=\"btn btn-round pxl-post--btn btn-hover-style-2\" href=\"https:\/\/nuansholding.com\/en\/nuans-logistics-arac-filosunu-genisletmeye-devam-ediyor\/\">\n                                    <span class=\"pxl-btn--text\">Devam\u0131n\u0131 oku<\/span>\n                                    <i class=\"flaticon flaticon-plus-normal\"><\/i>\n                                <\/a>\n                            <\/div>\n                                            <\/div>\n                <\/div>\n            <\/div>\n                <div class=\"grid-sizer col-xl-6 col-lg-6 col-md-12 col-sm-12 col-12\"><\/div>\n    <\/div>\n        <\/div>\t\t\t\t<\/div>\n\t\t\t\t<\/div>\n\t\t            <\/div>\r\n        <\/div>\r\n        \t\t\t<\/div>\n\t\t<\/section>\n\t\t\t\t<\/div>\n\t\t","protected":false},"excerpt":{"rendered":"<p>news About us News and Announcements Nisan 14, 2025 Nuans Global | Koluman Dorse Teslimat T\u00f6reni Devam\u0131n\u0131 oku \u015eubat 11, 2025 N\u00fcans Global, ilk Wielton Treylerleri ile filosunu g\u00fc\u00e7lendirdi Devam\u0131n\u0131 oku A\u011fustos 8, 2024 N\u00fcans Global Filosu 5 T\u0131rsan Tenteli Treylerle B\u00fcy\u00fcd\u00fc Devam\u0131n\u0131 oku May\u0131s 21, 2024 N\u00fcans Global Yeni Ara\u00e7 Yat\u0131r\u0131mlar\u0131yla B\u00fcy\u00fcyor! Devam\u0131n\u0131 oku [&hellip;]<\/p>\n","protected":false},"author":1,"featured_media":0,"parent":0,"menu_order":0,"comment_status":"closed","ping_status":"closed","template":"","meta":{"footnotes":""},"class_list":["post-24433","page","type-page","status-publish","hentry"],"_links":{"self":[{"href":"https:\/\/nuansholding.com\/en\/wp-json\/wp\/v2\/pages\/24433","targetHints":{"allow":["GET"]}}],"collection":[{"href":"https:\/\/nuansholding.com\/en\/wp-json\/wp\/v2\/pages"}],"about":[{"href":"https:\/\/nuansholding.com\/en\/wp-json\/wp\/v2\/types\/page"}],"author":[{"embeddable":true,"href":"https:\/\/nuansholding.com\/en\/wp-json\/wp\/v2\/users\/1"}],"replies":[{"embeddable":true,"href":"https:\/\/nuansholding.com\/en\/wp-json\/wp\/v2\/comments?post=24433"}],"version-history":[{"count":4,"href":"https:\/\/nuansholding.com\/en\/wp-json\/wp\/v2\/pages\/24433\/revisions"}],"predecessor-version":[{"id":24437,"href":"https:\/\/nuansholding.com\/en\/wp-json\/wp\/v2\/pages\/24433\/revisions\/24437"}],"wp:attachment":[{"href":"https:\/\/nuansholding.com\/en\/wp-json\/wp\/v2\/media?parent=24433"}],"curies":[{"name":"wp","href":"https:\/\/api.w.org\/{rel}","templated":true}]}}